{"id":12534,"date":"2024-02-23T17:26:07","date_gmt":"2024-02-23T16:26:07","guid":{"rendered":"http:\/\/www.matildeprosecco.com\/product\/12534\/"},"modified":"2025-08-12T09:58:23","modified_gmt":"2025-08-12T07:58:23","slug":"matilde-prosecco-brut","status":"publish","type":"product","link":"https:\/\/matildeprosecco.com\/fr\/produit\/matilde-prosecco-brut\/","title":{"rendered":"Matilde BRUT"},"content":{"rendered":"<div class=\"vgblk-rw-wrapper limit-wrapper\">Matilde est un raffin\u00e9 Conegliano Valdobbiadene<br \/>\nProsecco Superiore D.O.C.G. biologique.<br \/>\nProduit exclusivement \u00e0 partir de raisins Glera cueillis \u00e0 la main sur les collines de Cozzuolo.<\/div>\n<p><!-- .vgblk-rw-wrapper --><\/p>\n","protected":false},"excerpt":{"rendered":"<p>Matilde est un raffin\u00e9 Conegliano Valdobbiadene Prosecco Superiore D.O.C.G. biologique. Produit exclusivement \u00e0 partir de raisins Glera cueillis \u00e0 la main sur les collines de Cozzuolo.<\/p>\n","protected":false},"featured_media":10451,"template":"","meta":[],"product_brand":[],"product_cat":[],"product_tag":[],"class_list":{"0":"post-12534","1":"product","2":"type-product","3":"status-publish","4":"has-post-thumbnail","7":"first","8":"instock","9":"taxable","10":"shipping-taxable","11":"purchasable","12":"product-type-variable","13":"has-default-attributes"},"acf":[],"_links":{"self":[{"href":"https:\/\/matildeprosecco.com\/fr\/wp-json\/wp\/v2\/product\/12534","targetHints":{"allow":["GET"]}}],"collection":[{"href":"https:\/\/matildeprosecco.com\/fr\/wp-json\/wp\/v2\/product"}],"about":[{"href":"https:\/\/matildeprosecco.com\/fr\/wp-json\/wp\/v2\/types\/product"}],"version-history":[{"count":3,"href":"https:\/\/matildeprosecco.com\/fr\/wp-json\/wp\/v2\/product\/12534\/revisions"}],"predecessor-version":[{"id":13897,"href":"https:\/\/matildeprosecco.com\/fr\/wp-json\/wp\/v2\/product\/12534\/revisions\/13897"}],"wp:featuredmedia":[{"embeddable":true,"href":"https:\/\/matildeprosecco.com\/fr\/wp-json\/wp\/v2\/media\/10451"}],"wp:attachment":[{"href":"https:\/\/matildeprosecco.com\/fr\/wp-json\/wp\/v2\/media?parent=12534"}],"wp:term":[{"taxonomy":"product_brand","embeddable":true,"href":"https:\/\/matildeprosecco.com\/fr\/wp-json\/wp\/v2\/product_brand?post=12534"},{"taxonomy":"product_cat","embeddable":true,"href":"https:\/\/matildeprosecco.com\/fr\/wp-json\/wp\/v2\/product_cat?post=12534"},{"taxonomy":"product_tag","embeddable":true,"href":"https:\/\/matildeprosecco.com\/fr\/wp-json\/wp\/v2\/product_tag?post=12534"}],"curies":[{"name":"wp","href":"https:\/\/api.w.org\/{rel}","templated":true}]}}