{"id":12529,"date":"2024-02-23T17:26:11","date_gmt":"2024-02-23T16:26:11","guid":{"rendered":"http:\/\/www.matildeprosecco.com\/product\/matilde-proseccoextra-dry\/"},"modified":"2025-08-12T09:58:23","modified_gmt":"2025-08-12T07:58:23","slug":"matilde-prosecco-extra-dry","status":"publish","type":"product","link":"https:\/\/matildeprosecco.com\/fr\/produit\/matilde-prosecco-extra-dry\/","title":{"rendered":"Matilde EXTRA DRY"},"content":{"rendered":"<p>Matilde est un raffin\u00e9 Conegliano Valdobbiadene<br \/>\nProsecco Superiore D.O.C.G. biologique.<br \/>\nProduit exclusivement \u00e0 partir de raisins Glera cueillis \u00e0 la main sur les collines de Cozzuolo.<\/p>\n","protected":false},"excerpt":{"rendered":"<p>Matilde est un raffin\u00e9 Conegliano Valdobbiadene Prosecco Superiore D.O.C.G. biologique. Produit exclusivement \u00e0 partir de raisins Glera cueillis \u00e0 la main sur les collines de Cozzuolo.<\/p>\n","protected":false},"featured_media":10386,"template":"","meta":[],"product_brand":[],"product_cat":[],"product_tag":[],"class_list":{"0":"post-12529","1":"product","2":"type-product","3":"status-publish","4":"has-post-thumbnail","7":"first","8":"instock","9":"taxable","10":"shipping-taxable","11":"purchasable","12":"product-type-variable","13":"has-default-attributes"},"acf":[],"_links":{"self":[{"href":"https:\/\/matildeprosecco.com\/fr\/wp-json\/wp\/v2\/product\/12529","targetHints":{"allow":["GET"]}}],"collection":[{"href":"https:\/\/matildeprosecco.com\/fr\/wp-json\/wp\/v2\/product"}],"about":[{"href":"https:\/\/matildeprosecco.com\/fr\/wp-json\/wp\/v2\/types\/product"}],"version-history":[{"count":3,"href":"https:\/\/matildeprosecco.com\/fr\/wp-json\/wp\/v2\/product\/12529\/revisions"}],"predecessor-version":[{"id":13894,"href":"https:\/\/matildeprosecco.com\/fr\/wp-json\/wp\/v2\/product\/12529\/revisions\/13894"}],"wp:featuredmedia":[{"embeddable":true,"href":"https:\/\/matildeprosecco.com\/fr\/wp-json\/wp\/v2\/media\/10386"}],"wp:attachment":[{"href":"https:\/\/matildeprosecco.com\/fr\/wp-json\/wp\/v2\/media?parent=12529"}],"wp:term":[{"taxonomy":"product_brand","embeddable":true,"href":"https:\/\/matildeprosecco.com\/fr\/wp-json\/wp\/v2\/product_brand?post=12529"},{"taxonomy":"product_cat","embeddable":true,"href":"https:\/\/matildeprosecco.com\/fr\/wp-json\/wp\/v2\/product_cat?post=12529"},{"taxonomy":"product_tag","embeddable":true,"href":"https:\/\/matildeprosecco.com\/fr\/wp-json\/wp\/v2\/product_tag?post=12529"}],"curies":[{"name":"wp","href":"https:\/\/api.w.org\/{rel}","templated":true}]}}