{"id":13369,"date":"2024-10-10T12:49:04","date_gmt":"2024-10-10T10:49:04","guid":{"rendered":"http:\/\/www.matildeprosecco.com\/nos-vins\/extra-dry\/"},"modified":"2024-10-10T13:18:59","modified_gmt":"2024-10-10T11:18:59","slug":"extra-dry","status":"publish","type":"page","link":"https:\/\/matildeprosecco.com\/fr\/nos-vins\/extra-dry\/","title":{"rendered":"Extra Dry"},"content":{"rendered":"\t\t<div data-elementor-type=\"wp-page\" data-elementor-id=\"13369\" class=\"elementor elementor-13369 elementor-13342\" data-elementor-post-type=\"page\">\n\t\t\t\t<div class=\"elementor-element elementor-element-8b2199f e-con-full e-flex e-con e-parent\" data-id=\"8b2199f\" data-element_type=\"container\" data-settings=\"{&quot;background_background&quot;:&quot;classic&quot;}\">\n\t\t\t\t<\/div>\n\t\t<div class=\"elementor-element elementor-element-88a0358 e-con-full e-flex e-con e-parent\" data-id=\"88a0358\" data-element_type=\"container\" data-settings=\"{&quot;background_background&quot;:&quot;classic&quot;}\">\n\t\t<div class=\"elementor-element elementor-element-f573e77 e-con-full animated-slow e-flex elementor-invisible e-con e-child\" data-id=\"f573e77\" data-element_type=\"container\" data-settings=\"{&quot;animation&quot;:&quot;fadeIn&quot;}\">\n\t\t\t\t<div class=\"elementor-element elementor-element-b67ce59 elementor-widget-divider--view-line elementor-widget elementor-widget-divider\" data-id=\"b67ce59\" data-element_type=\"widget\" data-widget_type=\"divider.default\">\n\t\t\t\t<div class=\"elementor-widget-container\">\n\t\t\t\t\t<div class=\"elementor-divider\">\n\t\t\t<span class=\"elementor-divider-separator\">\n\t\t\t\t\t\t<\/span>\n\t\t<\/div>\n\t\t\t\t<\/div>\n\t\t\t\t<\/div>\n\t\t\t\t<div class=\"elementor-element elementor-element-23ed574 elementor-widget elementor-widget-heading\" data-id=\"23ed574\" data-element_type=\"widget\" data-widget_type=\"heading.default\">\n\t\t\t\t<div class=\"elementor-widget-container\">\n\t\t\t<h3 class=\"elementor-heading-title elementor-size-default\">Matilde est un raffin\u00e9 Conegliano Valdobbiadene<br>Prosecco Superiore D.O.C.G. biologique.<br>Produit exclusivement \u00e0 partir de raisins Glera<br>cueillis \u00e0 la main sur les collines de Cozzuolo.<\/h3>\t\t<\/div>\n\t\t\t\t<\/div>\n\t\t\t\t<div class=\"elementor-element elementor-element-5d1c5b2 elementor-widget-divider--view-line elementor-widget elementor-widget-divider\" data-id=\"5d1c5b2\" data-element_type=\"widget\" data-widget_type=\"divider.default\">\n\t\t\t\t<div class=\"elementor-widget-container\">\n\t\t\t\t\t<div class=\"elementor-divider\">\n\t\t\t<span class=\"elementor-divider-separator\">\n\t\t\t\t\t\t<\/span>\n\t\t<\/div>\n\t\t\t\t<\/div>\n\t\t\t\t<\/div>\n\t\t\t\t<\/div>\n\t\t<div class=\"elementor-element elementor-element-9275856 e-flex e-con-boxed e-con e-child\" data-id=\"9275856\" data-element_type=\"container\">\n\t\t\t\t\t<div class=\"e-con-inner\">\n\t\t<div class=\"elementor-element elementor-element-de65ea2 e-con-full animated-slow e-flex elementor-invisible e-con e-child\" data-id=\"de65ea2\" data-element_type=\"container\" data-settings=\"{&quot;animation&quot;:&quot;fadeInLeft&quot;}\">\n\t\t<div class=\"elementor-element elementor-element-97c745b e-con-full e-flex e-con e-child\" data-id=\"97c745b\" data-element_type=\"container\">\n\t\t\t\t<div class=\"elementor-element elementor-element-1ca0e4a elementor-widget elementor-widget-heading\" data-id=\"1ca0e4a\" data-element_type=\"widget\" data-settings=\"{&quot;_animation&quot;:&quot;none&quot;}\" data-widget_type=\"heading.default\">\n\t\t\t\t<div class=\"elementor-widget-container\">\n\t\t\t<h2 class=\"elementor-heading-title elementor-size-default\">NOS VINS<\/h2>\t\t<\/div>\n\t\t\t\t<\/div>\n\t\t\t\t<div class=\"elementor-element elementor-element-3d6e316 elementor-widget elementor-widget-heading\" data-id=\"3d6e316\" data-element_type=\"widget\" data-widget_type=\"heading.default\">\n\t\t\t\t<div class=\"elementor-widget-container\">\n\t\t\t<h1 class=\"elementor-heading-title elementor-size-default\">Matilde Prosecco<br>EXTRA DRY<\/h1>\t\t<\/div>\n\t\t\t\t<\/div>\n\t\t\t\t<\/div>\n\t\t\t\t<\/div>\n\t\t\t\t\t<\/div>\n\t\t\t\t<\/div>\n\t\t<div class=\"elementor-element elementor-element-62e7b28 e-flex e-con-boxed e-con e-child\" data-id=\"62e7b28\" data-element_type=\"container\">\n\t\t\t\t\t<div class=\"e-con-inner\">\n\t\t<div class=\"elementor-element elementor-element-9fa2758 e-con-full animated-slow e-flex elementor-invisible e-con e-child\" data-id=\"9fa2758\" data-element_type=\"container\" data-settings=\"{&quot;animation&quot;:&quot;fadeInLeft&quot;}\">\n\t\t<div class=\"elementor-element elementor-element-0dfab9e e-con-full e-flex e-con e-child\" data-id=\"0dfab9e\" data-element_type=\"container\">\n\t\t\t\t<div class=\"elementor-element elementor-element-83e9d82 elementor-widget elementor-widget-text-editor\" data-id=\"83e9d82\" data-element_type=\"widget\" data-widget_type=\"text-editor.default\">\n\t\t\t\t<div class=\"elementor-widget-container\">\n\t\t\t\t\t\t\t<h3>AIRE DE PRODUCTION<\/h3>\r\nRive di Cozzuolo, Vittorio Veneto (province de Tr\u00e9vise) \r\n<h3>ALTITUDE ET EXPOSITION<\/h3>\r\n239 m au-dessus du niveau de la mer et exposition sud\r\n<h3>M\u00c9LANGE<\/h3>\r\n100 % de raisins biologiques Glera\r\n<h3>VENDANGE<\/h3>\r\nStrictement manuelle\r\n<h3>VINIFICATION<\/h3>\r\nAutoclave d\u00e9di\u00e9 en acier inoxydable. Cave Perlage \u00e0 Farra di Soligo (TV)\r\n<h3>DEUXI\u00c8ME FERMENTATION<\/h3>\r\nM\u00e9thode Charmat\r\n<h3>SUCRES R\u00c9SIDUELS<\/h3>\r\n14 g\/l\r\n<h3>TAUX D&rsquo;ALCOOL<\/h3>\r\n11,5 % vol.\r\n<h3>SERVICE ID\u00c9AL<\/h3>\r\n6\u00b0C dans un verre large\r\n<h3>ACCORDS<\/h3>\r\nId\u00e9al pour les ap\u00e9ritifs avec des snacks sal\u00e9s et des desserts.\r\n<h3>VOLUME DISPONIBLE<\/h3>\r\n75cl\r\n<h3>CERTIFICATION BIOLOGIQUE<\/h3>\r\nValoritalia 2022\t\t\t\t\t\t<\/div>\n\t\t\t\t<\/div>\n\t\t\t\t<div class=\"elementor-element elementor-element-90b4fa3 elementor-tablet-align-center elementor-widget elementor-widget-button\" data-id=\"90b4fa3\" data-element_type=\"widget\" data-widget_type=\"button.default\">\n\t\t\t\t<div class=\"elementor-widget-container\">\n\t\t\t\t\t\t\t<div class=\"elementor-button-wrapper\">\n\t\t\t\t\t<a class=\"elementor-button elementor-button-link elementor-size-sm elementor-animation-shrink\" href=\"https:\/\/matildeprosecco.com\/wp-content\/uploads\/2024\/05\/Scheda-vino-EXTRA-DRY_FR.pdf\" target=\"_blank\">\n\t\t\t\t\t\t<span class=\"elementor-button-content-wrapper\">\n\t\t\t\t\t\t<span class=\"elementor-button-icon\">\n\t\t\t\t<svg aria-hidden=\"true\" class=\"e-font-icon-svg e-fas-long-arrow-alt-right\" viewBox=\"0 0 448 512\" xmlns=\"http:\/\/www.w3.org\/2000\/svg\"><path d=\"M313.941 216H12c-6.627 0-12 5.373-12 12v56c0 6.627 5.373 12 12 12h301.941v46.059c0 21.382 25.851 32.09 40.971 16.971l86.059-86.059c9.373-9.373 9.373-24.569 0-33.941l-86.059-86.059c-15.119-15.119-40.971-4.411-40.971 16.971V216z\"><\/path><\/svg>\t\t\t<\/span>\n\t\t\t\t\t\t\t\t\t<span class=\"elementor-button-text\">Download<\/span>\n\t\t\t\t\t<\/span>\n\t\t\t\t\t<\/a>\n\t\t\t\t<\/div>\n\t\t\t\t\t\t<\/div>\n\t\t\t\t<\/div>\n\t\t\t\t<\/div>\n\t\t\t\t<\/div>\n\t\t<div class=\"elementor-element elementor-element-1a3e74c e-con-full animated-slow e-flex elementor-invisible e-con e-child\" data-id=\"1a3e74c\" data-element_type=\"container\" data-settings=\"{&quot;animation&quot;:&quot;fadeInRight&quot;}\">\n\t\t\t\t<div class=\"elementor-element elementor-element-1105f32 elementor-widget elementor-widget-image\" data-id=\"1105f32\" data-element_type=\"widget\" data-widget_type=\"image.default\">\n\t\t\t\t<div class=\"elementor-widget-container\">\n\t\t\t\t\t\t\t<div class=\"elementor-image\">\n\t\t\t\t\t\t\t\t\t\t\t\t\t\t\t\t\t\t\t\t\t<img fetchpriority=\"high\" decoding=\"async\" width=\"275\" height=\"1000\" src=\"https:\/\/matildeprosecco.com\/wp-content\/uploads\/2024\/02\/img-Matilede-Prosecco-Extra-Dry.png\" class=\"attachment-full size-full wp-image-10384\" alt=\"\" \/>\t\t\t\t\t\t\t\t\t\t\t\t\t\t\t\t\t\t\t\t\t\t\t\t<\/div>\n\t\t\t\t\t\t<\/div>\n\t\t\t\t<\/div>\n\t\t\t\t<\/div>\n\t\t\t\t\t<\/div>\n\t\t\t\t<\/div>\n\t\t<div class=\"elementor-element elementor-element-4b188a8 mostra_nascondi_sommelier e-flex e-con-boxed e-con e-child\" data-id=\"4b188a8\" data-element_type=\"container\">\n\t\t\t\t\t<div class=\"e-con-inner\">\n\t\t<div class=\"elementor-element elementor-element-8dd8aba e-con-full animated-slow e-flex elementor-invisible e-con e-child\" data-id=\"8dd8aba\" data-element_type=\"container\" data-settings=\"{&quot;animation&quot;:&quot;fadeInLeft&quot;}\">\n\t\t<div class=\"elementor-element elementor-element-2fabbbd e-con-full e-flex e-con e-child\" data-id=\"2fabbbd\" data-element_type=\"container\" data-settings=\"{&quot;background_background&quot;:&quot;classic&quot;}\">\n\t\t\t\t<div class=\"elementor-element elementor-element-08f0635 elementor-widget__width-auto elementor-absolute elementor-hidden-mobile elementor-widget elementor-widget-image\" data-id=\"08f0635\" data-element_type=\"widget\" data-settings=\"{&quot;_position&quot;:&quot;absolute&quot;}\" data-widget_type=\"image.default\">\n\t\t\t\t<div class=\"elementor-widget-container\">\n\t\t\t\t\t\t\t<div class=\"elementor-image\">\n\t\t\t\t\t\t\t\t\t\t\t\t\t\t\t\t\t\t\t\t\t<img decoding=\"async\" width=\"280\" height=\"300\" src=\"https:\/\/matildeprosecco.com\/wp-content\/uploads\/2024\/02\/img-sommelier-matilde-prosecco-280x300.jpg\" class=\"attachment-medium size-medium wp-image-10378\" alt=\"\" srcset=\"https:\/\/matildeprosecco.com\/wp-content\/uploads\/2024\/02\/img-sommelier-matilde-prosecco-280x300.jpg 280w, https:\/\/matildeprosecco.com\/wp-content\/uploads\/2024\/02\/img-sommelier-matilde-prosecco-315x338.jpg 315w, https:\/\/matildeprosecco.com\/wp-content\/uploads\/2024\/02\/img-sommelier-matilde-prosecco.jpg 342w\" sizes=\"(max-width: 280px) 100vw, 280px\" \/>\t\t\t\t\t\t\t\t\t\t\t\t\t\t\t\t\t\t\t\t\t\t\t\t<\/div>\n\t\t\t\t\t\t<\/div>\n\t\t\t\t<\/div>\n\t\t\t\t<div class=\"elementor-element elementor-element-552656e elementor-widget__width-auto elementor-absolute elementor-widget-mobile__width-inherit elementor-hidden-desktop elementor-hidden-tablet elementor-widget elementor-widget-image\" data-id=\"552656e\" data-element_type=\"widget\" data-settings=\"{&quot;_position&quot;:&quot;absolute&quot;}\" data-widget_type=\"image.default\">\n\t\t\t\t<div class=\"elementor-widget-container\">\n\t\t\t\t\t\t\t<div class=\"elementor-image\">\n\t\t\t\t\t\t\t\t\t\t\t\t\t\t\t\t\t\t\t\t\t<img decoding=\"async\" width=\"280\" height=\"300\" src=\"https:\/\/matildeprosecco.com\/wp-content\/uploads\/2024\/02\/img-sommelier-matilde-prosecco-280x300.jpg\" class=\"attachment-medium size-medium wp-image-10378\" alt=\"\" srcset=\"https:\/\/matildeprosecco.com\/wp-content\/uploads\/2024\/02\/img-sommelier-matilde-prosecco-280x300.jpg 280w, https:\/\/matildeprosecco.com\/wp-content\/uploads\/2024\/02\/img-sommelier-matilde-prosecco-315x338.jpg 315w, https:\/\/matildeprosecco.com\/wp-content\/uploads\/2024\/02\/img-sommelier-matilde-prosecco.jpg 342w\" sizes=\"(max-width: 280px) 100vw, 280px\" \/>\t\t\t\t\t\t\t\t\t\t\t\t\t\t\t\t\t\t\t\t\t\t\t\t<\/div>\n\t\t\t\t\t\t<\/div>\n\t\t\t\t<\/div>\n\t\t\t\t<div class=\"elementor-element elementor-element-881d3da elementor-widget__width-inherit elementor-widget elementor-widget-text-editor\" data-id=\"881d3da\" data-element_type=\"widget\" data-widget_type=\"text-editor.default\">\n\t\t\t\t<div class=\"elementor-widget-container\">\n\t\t\t\t\t\t\t<h3>LUISITO PERAZZO &#8211; Meilleur Sommelier d&rsquo;Italie 2005<\/h3>\r\n\u00ab\u00a0Matilde Extra Dry se pr\u00e9sente limpide avec de l\u00e9gers reflets jaune paille. Les bulles sont pr\u00e9sentes et tr\u00e8s fines, avec une mont\u00e9e mod\u00e9r\u00e9ment rapide, li\u00e9e \u00e0 la panification.\r\n\r\nLe nez est bien d\u00e9fini, avec certainement des fruits blancs comme la poire et la pomme, mais aussi des agrumes doux comme la mandarine. Des herbes aromatiques et des notes sont \u00e9galement pr\u00e9sentes.\r\n\r\nCe n\u2019est pas un vin sec, il est enveloppant et d&rsquo;une juste douceur. Il pr\u00e9sente une excellente acidit\u00e9 et une longue persistance en bouche, tant au niveau des bulles que du go\u00fbt. Le sucre est pr\u00e9sent mais bien int\u00e9gr\u00e9. C&rsquo;est un vin harmonieux entre le nez et la bouche, donc complet\u00a0\u00bb.\r\n\r\nVoto: <strong>90\/100<\/strong>\t\t\t\t\t\t<\/div>\n\t\t\t\t<\/div>\n\t\t\t\t<\/div>\n\t\t\t\t<div class=\"elementor-element elementor-element-5ea0eb0 elementor-widget elementor-widget-shortcode\" data-id=\"5ea0eb0\" data-element_type=\"widget\" data-widget_type=\"shortcode.default\">\n\t\t\t\t<div class=\"elementor-widget-container\">\n\t\t\t\t\t<div class=\"elementor-shortcode\"><\/div>\n\t\t\t\t<\/div>\n\t\t\t\t<\/div>\n\t\t\t\t<\/div>\n\t\t\t\t\t<\/div>\n\t\t\t\t<\/div>\n\t\t<div class=\"elementor-element elementor-element-dd9fbfc e-flex e-con-boxed e-con e-child\" data-id=\"dd9fbfc\" data-element_type=\"container\">\n\t\t\t\t\t<div class=\"e-con-inner\">\n\t\t<div class=\"elementor-element elementor-element-61e951c e-con-full animated-slow e-flex elementor-invisible e-con e-child\" data-id=\"61e951c\" data-element_type=\"container\" data-settings=\"{&quot;animation&quot;:&quot;fadeInLeft&quot;}\">\n\t\t\t\t<\/div>\n\t\t<div class=\"elementor-element elementor-element-26bb836 e-con-full animated-slow e-flex elementor-invisible e-con e-child\" data-id=\"26bb836\" data-element_type=\"container\" data-settings=\"{&quot;animation&quot;:&quot;fadeInUp&quot;}\">\n\t\t\t\t<\/div>\n\t\t<div class=\"elementor-element elementor-element-e50b8b9 e-con-full animated-slow e-flex elementor-invisible e-con e-child\" data-id=\"e50b8b9\" data-element_type=\"container\" data-settings=\"{&quot;animation&quot;:&quot;fadeInRight&quot;}\">\n\t\t\t\t<\/div>\n\t\t\t\t\t<\/div>\n\t\t\t\t<\/div>\n\t\t<div class=\"elementor-element elementor-element-468f912 e-con-full animated-slow e-flex elementor-invisible e-con e-child\" data-id=\"468f912\" data-element_type=\"container\" data-settings=\"{&quot;animation&quot;:&quot;fadeInUp&quot;}\">\n\t\t\t\t<div class=\"elementor-element elementor-element-90c673c elementor-absolute elementor-mobile-align-center elementor-widget-mobile__width-inherit elementor-hidden-mobile elementor-widget elementor-widget-button\" data-id=\"90c673c\" data-element_type=\"widget\" data-settings=\"{&quot;_position&quot;:&quot;absolute&quot;}\" data-widget_type=\"button.default\">\n\t\t\t\t<div class=\"elementor-widget-container\">\n\t\t\t\t\t\t\t<div class=\"elementor-button-wrapper\">\n\t\t\t\t\t<a class=\"elementor-button elementor-button-link elementor-size-sm elementor-animation-shrink\" href=\"https:\/\/matildeprosecco.com\/wp-content\/uploads\/2024\/05\/Scheda-vino-EXTRA-DRY_FR.pdf\" target=\"_blank\">\n\t\t\t\t\t\t<span class=\"elementor-button-content-wrapper\">\n\t\t\t\t\t\t<span class=\"elementor-button-icon\">\n\t\t\t\t<svg aria-hidden=\"true\" class=\"e-font-icon-svg e-fas-long-arrow-alt-right\" viewBox=\"0 0 448 512\" xmlns=\"http:\/\/www.w3.org\/2000\/svg\"><path d=\"M313.941 216H12c-6.627 0-12 5.373-12 12v56c0 6.627 5.373 12 12 12h301.941v46.059c0 21.382 25.851 32.09 40.971 16.971l86.059-86.059c9.373-9.373 9.373-24.569 0-33.941l-86.059-86.059c-15.119-15.119-40.971-4.411-40.971 16.971V216z\"><\/path><\/svg>\t\t\t<\/span>\n\t\t\t\t\t\t\t\t\t<span class=\"elementor-button-text\">Download<\/span>\n\t\t\t\t\t<\/span>\n\t\t\t\t\t<\/a>\n\t\t\t\t<\/div>\n\t\t\t\t\t\t<\/div>\n\t\t\t\t<\/div>\n\t\t\t\t<div class=\"elementor-element elementor-element-b01f54c elementor-absolute elementor-mobile-align-center elementor-widget-mobile__width-inherit elementor-hidden-desktop elementor-hidden-tablet elementor-widget elementor-widget-button\" data-id=\"b01f54c\" data-element_type=\"widget\" data-settings=\"{&quot;_position&quot;:&quot;absolute&quot;}\" data-widget_type=\"button.default\">\n\t\t\t\t<div class=\"elementor-widget-container\">\n\t\t\t\t\t\t\t<div class=\"elementor-button-wrapper\">\n\t\t\t\t\t<a class=\"elementor-button elementor-button-link elementor-size-sm elementor-animation-shrink\" href=\"https:\/\/matildeprosecco.com\/wp-content\/uploads\/2024\/05\/Scheda-vino-EXTRA-DRY_FR.pdf\" target=\"_blank\">\n\t\t\t\t\t\t<span class=\"elementor-button-content-wrapper\">\n\t\t\t\t\t\t<span class=\"elementor-button-icon\">\n\t\t\t\t<svg aria-hidden=\"true\" class=\"e-font-icon-svg e-fas-long-arrow-alt-right\" viewBox=\"0 0 448 512\" xmlns=\"http:\/\/www.w3.org\/2000\/svg\"><path d=\"M313.941 216H12c-6.627 0-12 5.373-12 12v56c0 6.627 5.373 12 12 12h301.941v46.059c0 21.382 25.851 32.09 40.971 16.971l86.059-86.059c9.373-9.373 9.373-24.569 0-33.941l-86.059-86.059c-15.119-15.119-40.971-4.411-40.971 16.971V216z\"><\/path><\/svg>\t\t\t<\/span>\n\t\t\t\t\t\t\t\t\t<span class=\"elementor-button-text\">Download<\/span>\n\t\t\t\t\t<\/span>\n\t\t\t\t\t<\/a>\n\t\t\t\t<\/div>\n\t\t\t\t\t\t<\/div>\n\t\t\t\t<\/div>\n\t\t\t\t<div class=\"elementor-element elementor-element-4f9684d mostra_nascondi_prodotto_correlato elementor-widget elementor-widget-button\" data-id=\"4f9684d\" data-element_type=\"widget\" data-widget_type=\"button.default\">\n\t\t\t\t<div class=\"elementor-widget-container\">\n\t\t\t\t\t\t\t<div class=\"elementor-button-wrapper\">\n\t\t\t\t\t<a class=\"elementor-button elementor-button-link elementor-size-sm elementor-animation-shrink\" href=\"https:\/\/matildeprosecco.com\/fr\/nos-vins\/brut\/\">\n\t\t\t\t\t\t<span class=\"elementor-button-content-wrapper\">\n\t\t\t\t\t\t<span class=\"elementor-button-icon\">\n\t\t\t\t<svg aria-hidden=\"true\" class=\"e-font-icon-svg e-fas-long-arrow-alt-right\" viewBox=\"0 0 448 512\" xmlns=\"http:\/\/www.w3.org\/2000\/svg\"><path d=\"M313.941 216H12c-6.627 0-12 5.373-12 12v56c0 6.627 5.373 12 12 12h301.941v46.059c0 21.382 25.851 32.09 40.971 16.971l86.059-86.059c9.373-9.373 9.373-24.569 0-33.941l-86.059-86.059c-15.119-15.119-40.971-4.411-40.971 16.971V216z\"><\/path><\/svg>\t\t\t<\/span>\n\t\t\t\t\t\t\t\t\t<span class=\"elementor-button-text\">Matilde BRUT<\/span>\n\t\t\t\t\t<\/span>\n\t\t\t\t\t<\/a>\n\t\t\t\t<\/div>\n\t\t\t\t\t\t<\/div>\n\t\t\t\t<\/div>\n\t\t\t\t<div class=\"elementor-element elementor-element-ab5e20a elementor-absolute elementor-widget elementor-widget-image\" data-id=\"ab5e20a\" data-element_type=\"widget\" data-settings=\"{&quot;_position&quot;:&quot;absolute&quot;}\" data-widget_type=\"image.default\">\n\t\t\t\t<div class=\"elementor-widget-container\">\n\t\t\t\t\t\t\t<div class=\"elementor-image\">\n\t\t\t\t\t\t\t\t\t\t\t\t\t\t\t\t\t\t\t\t\t\t<a href=\"#top\">\n\t\t\t\t\t\t\t\t\t\t\t<img decoding=\"async\" width=\"26\" height=\"29\" src=\"https:\/\/matildeprosecco.com\/wp-content\/uploads\/2024\/03\/freccia-up.gif\" class=\"attachment-full size-full wp-image-11975\" alt=\"\" \/>\t\t\t\t\t\t\t\t\t\t\t\t<\/a>\n\t\t\t\t\t\t\t\t\t\t\t\t\t\t\t\t\t\t\t\t\t\t\t\t<\/div>\n\t\t\t\t\t\t<\/div>\n\t\t\t\t<\/div>\n\t\t\t\t<\/div>\n\t\t\t\t<div class=\"elementor-element elementor-element-bd1220b elementor-widget elementor-widget-shortcode\" data-id=\"bd1220b\" data-element_type=\"widget\" data-widget_type=\"shortcode.default\">\n\t\t\t\t<div class=\"elementor-widget-container\">\n\t\t\t\t\t<div class=\"elementor-shortcode\"><\/div>\n\t\t\t\t<\/div>\n\t\t\t\t<\/div>\n\t\t\t\t<\/div>\n\t\t<div class=\"elementor-element elementor-element-aff89d5 animated-slow e-flex e-con-boxed elementor-invisible e-con e-parent\" data-id=\"aff89d5\" data-element_type=\"container\" data-settings=\"{&quot;background_background&quot;:&quot;classic&quot;,&quot;animation&quot;:&quot;fadeIn&quot;}\">\n\t\t\t\t\t<div class=\"e-con-inner\">\n\t\t\t\t<div class=\"elementor-element elementor-element-f43a229 elementor-widget elementor-widget-heading\" data-id=\"f43a229\" data-element_type=\"widget\" data-settings=\"{&quot;_animation&quot;:&quot;none&quot;}\" data-widget_type=\"heading.default\">\n\t\t\t\t<div class=\"elementor-widget-container\">\n\t\t\t<h2 class=\"elementor-heading-title elementor-size-default\">MATILDE<\/h2>\t\t<\/div>\n\t\t\t\t<\/div>\n\t\t\t\t<div class=\"elementor-element elementor-element-9abf278 elementor-widget elementor-widget-heading\" data-id=\"9abf278\" data-element_type=\"widget\" data-widget_type=\"heading.default\">\n\t\t\t\t<div class=\"elementor-widget-container\">\n\t\t\t<h3 class=\"elementor-heading-title elementor-size-default\"><a href=\"\/fr\/ou-trouver-matilde\/\">O\u00f9 la trouver<\/a><\/h3>\t\t<\/div>\n\t\t\t\t<\/div>\n\t\t\t\t\t<\/div>\n\t\t\t\t<\/div>\n\t\t\t\t<\/div>\n\t\t","protected":false},"excerpt":{"rendered":"<p>Matilde est un raffin\u00e9 Conegliano ValdobbiadeneProsecco Superiore D.O.C.G. biologique.Produit exclusivement \u00e0 partir de raisins Gleracueillis \u00e0 la main sur les collines de Cozzuolo. Matilde ProseccoEXTRA DRY AIRE DE PRODUCTION Rive di Cozzuolo, Vittorio Veneto (province de Tr\u00e9vise) ALTITUDE ET EXPOSITION 239 m au-dessus du niveau de la mer et exposition sud M\u00c9LANGE 100 % de&#8230;<\/p>\n","protected":false},"author":1,"featured_media":0,"parent":12540,"menu_order":0,"comment_status":"closed","ping_status":"closed","template":"","meta":{"footnotes":""},"class_list":["post-13369","page","type-page","status-publish","hentry"],"acf":[],"_links":{"self":[{"href":"https:\/\/matildeprosecco.com\/fr\/wp-json\/wp\/v2\/pages\/13369","targetHints":{"allow":["GET"]}}],"collection":[{"href":"https:\/\/matildeprosecco.com\/fr\/wp-json\/wp\/v2\/pages"}],"about":[{"href":"https:\/\/matildeprosecco.com\/fr\/wp-json\/wp\/v2\/types\/page"}],"author":[{"embeddable":true,"href":"https:\/\/matildeprosecco.com\/fr\/wp-json\/wp\/v2\/users\/1"}],"replies":[{"embeddable":true,"href":"https:\/\/matildeprosecco.com\/fr\/wp-json\/wp\/v2\/comments?post=13369"}],"version-history":[{"count":1,"href":"https:\/\/matildeprosecco.com\/fr\/wp-json\/wp\/v2\/pages\/13369\/revisions"}],"predecessor-version":[{"id":13370,"href":"https:\/\/matildeprosecco.com\/fr\/wp-json\/wp\/v2\/pages\/13369\/revisions\/13370"}],"up":[{"embeddable":true,"href":"https:\/\/matildeprosecco.com\/fr\/wp-json\/wp\/v2\/pages\/12540"}],"wp:attachment":[{"href":"https:\/\/matildeprosecco.com\/fr\/wp-json\/wp\/v2\/media?parent=13369"}],"curies":[{"name":"wp","href":"https:\/\/api.w.org\/{rel}","templated":true}]}}