{"id":12561,"date":"2024-02-29T09:29:18","date_gmt":"2024-02-29T08:29:18","guid":{"rendered":"http:\/\/www.matildeprosecco.com\/ou-trouver-matilde\/"},"modified":"2024-12-03T19:02:25","modified_gmt":"2024-12-03T18:02:25","slug":"trouver-matilde","status":"publish","type":"page","link":"https:\/\/matildeprosecco.com\/fr\/trouver-matilde\/","title":{"rendered":"Trouver Matilde"},"content":{"rendered":"\t\t<div data-elementor-type=\"wp-page\" data-elementor-id=\"12561\" class=\"elementor elementor-12561 elementor-10680\" data-elementor-post-type=\"page\">\n\t\t\t\t<div class=\"elementor-element elementor-element-d139381 animated-slow e-flex e-con-boxed elementor-invisible e-con e-parent\" data-id=\"d139381\" data-element_type=\"container\" data-settings=\"{&quot;background_background&quot;:&quot;classic&quot;,&quot;animation&quot;:&quot;fadeIn&quot;,&quot;animation_delay&quot;:200}\">\n\t\t\t\t\t<div class=\"e-con-inner\">\n\t\t<div class=\"elementor-element elementor-element-62fa3e0 e-con-full e-flex e-con e-child\" data-id=\"62fa3e0\" data-element_type=\"container\">\n\t\t\t\t<div class=\"elementor-element elementor-element-4cd7adf animated-slow elementor-invisible elementor-widget elementor-widget-heading\" data-id=\"4cd7adf\" data-element_type=\"widget\" data-settings=\"{&quot;_animation&quot;:&quot;fadeIn&quot;,&quot;_animation_delay&quot;:400}\" data-widget_type=\"heading.default\">\n\t\t\t\t<div class=\"elementor-widget-container\">\n\t\t\t<h2 class=\"elementor-heading-title elementor-size-default\">O\u00d9 TROUVER MATILDE<\/h2>\t\t<\/div>\n\t\t\t\t<\/div>\n\t\t\t\t<div class=\"elementor-element elementor-element-e71c319 animated-slow elementor-invisible elementor-widget elementor-widget-heading\" data-id=\"e71c319\" data-element_type=\"widget\" data-settings=\"{&quot;_animation&quot;:&quot;fadeIn&quot;,&quot;_animation_delay&quot;:400}\" data-widget_type=\"heading.default\">\n\t\t\t\t<div class=\"elementor-widget-container\">\n\t\t\t<h1 class=\"elementor-heading-title elementor-size-default\">Dans cette section, vous trouverez<br>tous les points de vente<br>et e-commerces o\u00f9 vous pouvez<br>acqu\u00e9rir Matilde Prosecco<\/h1>\t\t<\/div>\n\t\t\t\t<\/div>\n\t\t\t\t<\/div>\n\t\t<div class=\"elementor-element elementor-element-d9b564e e-con-full animated-slow e-flex elementor-invisible e-con e-child\" data-id=\"d9b564e\" data-element_type=\"container\" data-settings=\"{&quot;position&quot;:&quot;absolute&quot;,&quot;animation&quot;:&quot;slideInUp&quot;,&quot;animation_delay&quot;:1000}\">\n\t\t\t\t<\/div>\n\t\t\t\t\t<\/div>\n\t\t\t\t<\/div>\n\t\t<div class=\"elementor-element elementor-element-3cec251 e-con-full e-flex e-con e-parent\" data-id=\"3cec251\" data-element_type=\"container\" data-settings=\"{&quot;background_background&quot;:&quot;classic&quot;}\">\n\t\t<div class=\"elementor-element elementor-element-b4ea697 e-con-full animated-slow e-flex elementor-invisible e-con e-child\" data-id=\"b4ea697\" data-element_type=\"container\" data-settings=\"{&quot;animation&quot;:&quot;fadeIn&quot;}\">\n\t\t\t\t<div class=\"elementor-element elementor-element-781c09e elementor-widget-divider--view-line elementor-widget elementor-widget-divider\" data-id=\"781c09e\" data-element_type=\"widget\" data-widget_type=\"divider.default\">\n\t\t\t\t<div class=\"elementor-widget-container\">\n\t\t\t\t\t<div class=\"elementor-divider\">\n\t\t\t<span class=\"elementor-divider-separator\">\n\t\t\t\t\t\t<\/span>\n\t\t<\/div>\n\t\t\t\t<\/div>\n\t\t\t\t<\/div>\n\t\t\t\t<div class=\"elementor-element elementor-element-0db55b8 elementor-widget elementor-widget-heading\" data-id=\"0db55b8\" data-element_type=\"widget\" data-widget_type=\"heading.default\">\n\t\t\t\t<div class=\"elementor-widget-container\">\n\t\t\t<h3 class=\"elementor-heading-title elementor-size-default\">Nous avons attentivement s\u00e9lectionn\u00e9 nos partenaires commerciaux, en privil\u00e9giant les entreprises qui, comme nous, visent des produits durables et d'excellence. Qu'il s\u2019agisse de restaurants, cavistes ou e-commerces, chacune de ces adresses nous a choisis parce qu\u2019elle partage nos valeurs.<\/h3>\t\t<\/div>\n\t\t\t\t<\/div>\n\t\t\t\t<div class=\"elementor-element elementor-element-502eb24 elementor-widget-divider--view-line elementor-widget elementor-widget-divider\" data-id=\"502eb24\" data-element_type=\"widget\" data-widget_type=\"divider.default\">\n\t\t\t\t<div class=\"elementor-widget-container\">\n\t\t\t\t\t<div class=\"elementor-divider\">\n\t\t\t<span class=\"elementor-divider-separator\">\n\t\t\t\t\t\t<\/span>\n\t\t<\/div>\n\t\t\t\t<\/div>\n\t\t\t\t<\/div>\n\t\t\t\t<\/div>\n\t\t<div class=\"elementor-element elementor-element-05b0579 e-flex e-con-boxed e-con e-child\" data-id=\"05b0579\" data-element_type=\"container\">\n\t\t\t\t\t<div class=\"e-con-inner\">\n\t\t\t\t<div class=\"elementor-element elementor-element-aa69695 elementor-hidden-mobile elementor-widget elementor-widget-html\" data-id=\"aa69695\" data-element_type=\"widget\" data-widget_type=\"html.default\">\n\t\t\t\t<div class=\"elementor-widget-container\">\n\t\t\t<iframe id=\"mymaps_iframe\" src=\"https:\/\/www.google.com\/maps\/d\/embed?mid=1sMMxV_0xpjnRv1xgTIjb_AX0pn16mTo&ehbc=2E312F&noprof=1\" width=\"1200\" height=\"800\"><\/iframe> \r\n\r\n\t\t<\/div>\n\t\t\t\t<\/div>\n\t\t\t\t<div class=\"elementor-element elementor-element-4521c7c elementor-hidden-desktop elementor-hidden-tablet elementor-widget elementor-widget-html\" data-id=\"4521c7c\" data-element_type=\"widget\" data-widget_type=\"html.default\">\n\t\t\t\t<div class=\"elementor-widget-container\">\n\t\t\t<iframe id=\"mymaps_iframe\" src=\"https:\/\/www.google.com\/maps\/d\/embed?mid=1sMMxV_0xpjnRv1xgTIjb_AX0pn16mTo&ehbc=2E312F&noprof=1\" width=\"800\" height=\"400\"><\/iframe> \t\t<\/div>\n\t\t\t\t<\/div>\n\t\t\t\t\t<\/div>\n\t\t\t\t<\/div>\n\t\t<div class=\"elementor-element elementor-element-7de30d1 e-con-full animated-slow e-flex elementor-invisible e-con e-child\" data-id=\"7de30d1\" data-element_type=\"container\" data-settings=\"{&quot;animation&quot;:&quot;fadeIn&quot;}\">\n\t\t\t\t<div class=\"elementor-element elementor-element-117ffc5 elementor-widget elementor-widget-heading\" data-id=\"117ffc5\" data-element_type=\"widget\" data-widget_type=\"heading.default\">\n\t\t\t\t<div class=\"elementor-widget-container\">\n\t\t\t<h3 class=\"elementor-heading-title elementor-size-default\">E-Shops<\/h3>\t\t<\/div>\n\t\t\t\t<\/div>\n\t\t\t\t<div class=\"elementor-element elementor-element-41c9f43 elementor-widget-divider--view-line elementor-widget elementor-widget-divider\" data-id=\"41c9f43\" data-element_type=\"widget\" data-widget_type=\"divider.default\">\n\t\t\t\t<div class=\"elementor-widget-container\">\n\t\t\t\t\t<div class=\"elementor-divider\">\n\t\t\t<span class=\"elementor-divider-separator\">\n\t\t\t\t\t\t<\/span>\n\t\t<\/div>\n\t\t\t\t<\/div>\n\t\t\t\t<\/div>\n\t\t<div class=\"elementor-element elementor-element-173bcb3 e-con-full animated-slow e-flex elementor-invisible e-con e-child\" data-id=\"173bcb3\" data-element_type=\"container\" data-settings=\"{&quot;animation&quot;:&quot;fadeIn&quot;}\">\n\t\t\t\t<div class=\"elementor-element elementor-element-d1a4511 elementor-widget elementor-widget-heading\" data-id=\"d1a4511\" data-element_type=\"widget\" data-widget_type=\"heading.default\">\n\t\t\t\t<div class=\"elementor-widget-container\">\n\t\t\t<h3 class=\"elementor-heading-title elementor-size-default\">Matilde a d\u00e9sormais son propre e-shop<\/h3>\t\t<\/div>\n\t\t\t\t<\/div>\n\t\t\t\t<div class=\"elementor-element elementor-element-43fa308 elementor-widget elementor-widget-image\" data-id=\"43fa308\" data-element_type=\"widget\" data-widget_type=\"image.default\">\n\t\t\t\t<div class=\"elementor-widget-container\">\n\t\t\t\t\t\t\t<div class=\"elementor-image\">\n\t\t\t\t\t\t\t\t\t\t\t\t\t\t\t\t\t\t\t\t\t\t<a href=\"https:\/\/matildeprosecco.com\/fr\/shop\/\" target=\"_blank\" rel=\"nofollow\">\n\t\t\t\t\t\t\t\t\t\t\t<img fetchpriority=\"high\" decoding=\"async\" width=\"300\" height=\"190\" src=\"https:\/\/matildeprosecco.com\/wp-content\/uploads\/2024\/10\/logo-Matilde-Prosecco-black.jpg\" class=\"elementor-animation-grow attachment-medium size-medium wp-image-13191\" alt=\"\" \/>\t\t\t\t\t\t\t\t\t\t\t\t<\/a>\n\t\t\t\t\t\t\t\t\t\t\t\t\t\t\t\t\t\t\t\t\t\t\t\t<\/div>\n\t\t\t\t\t\t<\/div>\n\t\t\t\t<\/div>\n\t\t\t\t<div class=\"elementor-element elementor-element-beade6d elementor-widget-divider--view-line elementor-widget elementor-widget-divider\" data-id=\"beade6d\" data-element_type=\"widget\" data-widget_type=\"divider.default\">\n\t\t\t\t<div class=\"elementor-widget-container\">\n\t\t\t\t\t<div class=\"elementor-divider\">\n\t\t\t<span class=\"elementor-divider-separator\">\n\t\t\t\t\t\t<\/span>\n\t\t<\/div>\n\t\t\t\t<\/div>\n\t\t\t\t<\/div>\n\t\t\t\t<div class=\"elementor-element elementor-element-aa88eef elementor-widget elementor-widget-heading\" data-id=\"aa88eef\" data-element_type=\"widget\" data-widget_type=\"heading.default\">\n\t\t\t\t<div class=\"elementor-widget-container\">\n\t\t\t<h3 class=\"elementor-heading-title elementor-size-default\">Italie<\/h3>\t\t<\/div>\n\t\t\t\t<\/div>\n\t\t<div class=\"elementor-element elementor-element-5039aeb e-flex e-con-boxed e-con e-child\" data-id=\"5039aeb\" data-element_type=\"container\">\n\t\t\t\t\t<div class=\"e-con-inner\">\n\t\t\t\t<div class=\"elementor-element elementor-element-bad7d80 elementor-widget elementor-widget-image\" data-id=\"bad7d80\" data-element_type=\"widget\" data-widget_type=\"image.default\">\n\t\t\t\t<div class=\"elementor-widget-container\">\n\t\t\t\t\t\t\t<div class=\"elementor-image\">\n\t\t\t\t\t\t\t\t\t\t\t\t\t\t\t\t\t\t\t\t\t\t<a href=\"https:\/\/www.cortilia.it\/produttori\/fratelli-profili\" target=\"_blank\" rel=\"nofollow\">\n\t\t\t\t\t\t\t\t\t\t\t<img decoding=\"async\" width=\"400\" height=\"300\" src=\"https:\/\/matildeprosecco.com\/wp-content\/uploads\/2024\/04\/Cortilia.png\" class=\"elementor-animation-grow attachment-full size-full wp-image-12339\" alt=\"\" srcset=\"https:\/\/matildeprosecco.com\/wp-content\/uploads\/2024\/04\/Cortilia.png 400w, https:\/\/matildeprosecco.com\/wp-content\/uploads\/2024\/04\/Cortilia-315x236.png 315w, https:\/\/matildeprosecco.com\/wp-content\/uploads\/2024\/04\/Cortilia-300x225.png 300w\" sizes=\"(max-width: 400px) 100vw, 400px\" \/>\t\t\t\t\t\t\t\t\t\t\t\t<\/a>\n\t\t\t\t\t\t\t\t\t\t\t\t\t\t\t\t\t\t\t\t\t\t\t\t<\/div>\n\t\t\t\t\t\t<\/div>\n\t\t\t\t<\/div>\n\t\t\t\t<div class=\"elementor-element elementor-element-3eba115 elementor-widget elementor-widget-image\" data-id=\"3eba115\" data-element_type=\"widget\" data-widget_type=\"image.default\">\n\t\t\t\t<div class=\"elementor-widget-container\">\n\t\t\t\t\t\t\t<div class=\"elementor-image\">\n\t\t\t\t\t\t\t\t\t\t\t\t\t\t\t\t\t\t\t\t\t\t<a href=\"https:\/\/www.destinationgusto.it\/en\/search\/query=matilde\" target=\"_blank\" rel=\"nofollow\">\n\t\t\t\t\t\t\t\t\t\t\t<img decoding=\"async\" width=\"400\" height=\"300\" src=\"https:\/\/matildeprosecco.com\/wp-content\/uploads\/2024\/04\/Destinazione-Gusto.png\" class=\"elementor-animation-grow attachment-full size-full wp-image-12342\" alt=\"\" srcset=\"https:\/\/matildeprosecco.com\/wp-content\/uploads\/2024\/04\/Destinazione-Gusto.png 400w, https:\/\/matildeprosecco.com\/wp-content\/uploads\/2024\/04\/Destinazione-Gusto-315x236.png 315w, https:\/\/matildeprosecco.com\/wp-content\/uploads\/2024\/04\/Destinazione-Gusto-300x225.png 300w\" sizes=\"(max-width: 400px) 100vw, 400px\" \/>\t\t\t\t\t\t\t\t\t\t\t\t<\/a>\n\t\t\t\t\t\t\t\t\t\t\t\t\t\t\t\t\t\t\t\t\t\t\t\t<\/div>\n\t\t\t\t\t\t<\/div>\n\t\t\t\t<\/div>\n\t\t\t\t<div class=\"elementor-element elementor-element-87490a3 elementor-widget elementor-widget-image\" data-id=\"87490a3\" data-element_type=\"widget\" data-widget_type=\"image.default\">\n\t\t\t\t<div class=\"elementor-widget-container\">\n\t\t\t\t\t\t\t<div class=\"elementor-image\">\n\t\t\t\t\t\t\t\t\t\t\t\t\t\t\t\t\t\t\t\t\t\t<a href=\"https:\/\/www.etilika.it\/ricerca?controller=search&#038;s=matilde\" target=\"_blank\" rel=\"nofollow\">\n\t\t\t\t\t\t\t\t\t\t\t<img loading=\"lazy\" decoding=\"async\" width=\"400\" height=\"300\" src=\"https:\/\/matildeprosecco.com\/wp-content\/uploads\/2024\/04\/Etilika.png\" class=\"elementor-animation-grow attachment-full size-full wp-image-12348\" alt=\"\" srcset=\"https:\/\/matildeprosecco.com\/wp-content\/uploads\/2024\/04\/Etilika.png 400w, https:\/\/matildeprosecco.com\/wp-content\/uploads\/2024\/04\/Etilika-315x236.png 315w, https:\/\/matildeprosecco.com\/wp-content\/uploads\/2024\/04\/Etilika-300x225.png 300w\" sizes=\"(max-width: 400px) 100vw, 400px\" \/>\t\t\t\t\t\t\t\t\t\t\t\t<\/a>\n\t\t\t\t\t\t\t\t\t\t\t\t\t\t\t\t\t\t\t\t\t\t\t\t<\/div>\n\t\t\t\t\t\t<\/div>\n\t\t\t\t<\/div>\n\t\t\t\t<div class=\"elementor-element elementor-element-13445f6 elementor-widget elementor-widget-image\" data-id=\"13445f6\" data-element_type=\"widget\" data-widget_type=\"image.default\">\n\t\t\t\t<div class=\"elementor-widget-container\">\n\t\t\t\t\t\t\t<div class=\"elementor-image\">\n\t\t\t\t\t\t\t\t\t\t\t\t\t\t\t\t\t\t\t\t\t\t<a href=\"https:\/\/otherwine.it\/search?type=product&#038;q=matilde\" target=\"_blank\" rel=\"nofollow\">\n\t\t\t\t\t\t\t\t\t\t\t<img loading=\"lazy\" decoding=\"async\" width=\"400\" height=\"300\" src=\"https:\/\/matildeprosecco.com\/wp-content\/uploads\/2024\/04\/Other-winw.png\" class=\"elementor-animation-grow attachment-full size-full wp-image-12354\" alt=\"\" srcset=\"https:\/\/matildeprosecco.com\/wp-content\/uploads\/2024\/04\/Other-winw.png 400w, https:\/\/matildeprosecco.com\/wp-content\/uploads\/2024\/04\/Other-winw-315x236.png 315w, https:\/\/matildeprosecco.com\/wp-content\/uploads\/2024\/04\/Other-winw-300x225.png 300w\" sizes=\"(max-width: 400px) 100vw, 400px\" \/>\t\t\t\t\t\t\t\t\t\t\t\t<\/a>\n\t\t\t\t\t\t\t\t\t\t\t\t\t\t\t\t\t\t\t\t\t\t\t\t<\/div>\n\t\t\t\t\t\t<\/div>\n\t\t\t\t<\/div>\n\t\t\t\t\t<\/div>\n\t\t\t\t<\/div>\n\t\t\t\t<\/div>\n\t\t\t\t<div class=\"elementor-element elementor-element-f873695 elementor-widget-divider--view-line elementor-widget elementor-widget-divider\" data-id=\"f873695\" data-element_type=\"widget\" data-widget_type=\"divider.default\">\n\t\t\t\t<div class=\"elementor-widget-container\">\n\t\t\t\t\t<div class=\"elementor-divider\">\n\t\t\t<span class=\"elementor-divider-separator\">\n\t\t\t\t\t\t<\/span>\n\t\t<\/div>\n\t\t\t\t<\/div>\n\t\t\t\t<\/div>\n\t\t<div class=\"elementor-element elementor-element-656d98b e-con-full animated-slow e-flex elementor-invisible e-con e-child\" data-id=\"656d98b\" data-element_type=\"container\" data-settings=\"{&quot;animation&quot;:&quot;fadeIn&quot;}\">\n\t\t\t\t<div class=\"elementor-element elementor-element-3d202a0 elementor-widget elementor-widget-heading\" data-id=\"3d202a0\" data-element_type=\"widget\" data-widget_type=\"heading.default\">\n\t\t\t\t<div class=\"elementor-widget-container\">\n\t\t\t<h3 class=\"elementor-heading-title elementor-size-default\">Belgique<\/h3>\t\t<\/div>\n\t\t\t\t<\/div>\n\t\t<div class=\"elementor-element elementor-element-cbf46f2 e-flex e-con-boxed e-con e-child\" data-id=\"cbf46f2\" data-element_type=\"container\">\n\t\t\t\t\t<div class=\"e-con-inner\">\n\t\t\t\t<div class=\"elementor-element elementor-element-a9ee770 elementor-widget elementor-widget-image\" data-id=\"a9ee770\" data-element_type=\"widget\" data-widget_type=\"image.default\">\n\t\t\t\t<div class=\"elementor-widget-container\">\n\t\t\t\t\t\t\t<div class=\"elementor-image\">\n\t\t\t\t\t\t\t\t\t\t\t\t\t\t\t\t\t\t\t\t\t\t<a href=\"https:\/\/www.kazidomi.com\/nl\/product\/search?query=matilde\" target=\"_blank\" rel=\"nofollow\">\n\t\t\t\t\t\t\t\t\t\t\t<img loading=\"lazy\" decoding=\"async\" width=\"400\" height=\"300\" src=\"https:\/\/matildeprosecco.com\/wp-content\/uploads\/2024\/04\/Kazidomi.png\" class=\"elementor-animation-grow attachment-full size-full wp-image-12351\" alt=\"\" srcset=\"https:\/\/matildeprosecco.com\/wp-content\/uploads\/2024\/04\/Kazidomi.png 400w, https:\/\/matildeprosecco.com\/wp-content\/uploads\/2024\/04\/Kazidomi-315x236.png 315w, https:\/\/matildeprosecco.com\/wp-content\/uploads\/2024\/04\/Kazidomi-300x225.png 300w\" sizes=\"(max-width: 400px) 100vw, 400px\" \/>\t\t\t\t\t\t\t\t\t\t\t\t<\/a>\n\t\t\t\t\t\t\t\t\t\t\t\t\t\t\t\t\t\t\t\t\t\t\t\t<\/div>\n\t\t\t\t\t\t<\/div>\n\t\t\t\t<\/div>\n\t\t\t\t<div class=\"elementor-element elementor-element-d90f0d3 elementor-widget elementor-widget-image\" data-id=\"d90f0d3\" data-element_type=\"widget\" data-widget_type=\"image.default\">\n\t\t\t\t<div class=\"elementor-widget-container\">\n\t\t\t\t\t\t\t<div class=\"elementor-image\">\n\t\t\t\t\t\t\t\t\t\t\t\t\t\t\t\t\t\t\t\t\t\t<a href=\"https:\/\/www.efarmz.be\/fr\/search?s=matilde\" target=\"_blank\" rel=\"nofollow\">\n\t\t\t\t\t\t\t\t\t\t\t<img loading=\"lazy\" decoding=\"async\" width=\"400\" height=\"300\" src=\"https:\/\/matildeprosecco.com\/wp-content\/uploads\/2024\/04\/Efarmz.png\" class=\"elementor-animation-grow attachment-full size-full wp-image-12345\" alt=\"\" srcset=\"https:\/\/matildeprosecco.com\/wp-content\/uploads\/2024\/04\/Efarmz.png 400w, https:\/\/matildeprosecco.com\/wp-content\/uploads\/2024\/04\/Efarmz-315x236.png 315w, https:\/\/matildeprosecco.com\/wp-content\/uploads\/2024\/04\/Efarmz-300x225.png 300w\" sizes=\"(max-width: 400px) 100vw, 400px\" \/>\t\t\t\t\t\t\t\t\t\t\t\t<\/a>\n\t\t\t\t\t\t\t\t\t\t\t\t\t\t\t\t\t\t\t\t\t\t\t\t<\/div>\n\t\t\t\t\t\t<\/div>\n\t\t\t\t<\/div>\n\t\t\t\t<div class=\"elementor-element elementor-element-3c2d7ab elementor-widget elementor-widget-image\" data-id=\"3c2d7ab\" data-element_type=\"widget\" data-widget_type=\"image.default\">\n\t\t\t\t<div class=\"elementor-widget-container\">\n\t\t\t\t\t\t\t<div class=\"elementor-image\">\n\t\t\t\t\t\t\t\t\t\t\t\t\t\t\t\t\t\t\t\t\t\t<a href=\"https:\/\/www.vineaste.com\/nos-vins\/?ixwpss=matilde&#038;title=1&#038;excerpt=1&#038;content=1&#038;categories=1&#038;attributes=1&#038;tags=1&#038;sku=1&#038;lang=fr\" target=\"_blank\" rel=\"nofollow\">\n\t\t\t\t\t\t\t\t\t\t\t<img loading=\"lazy\" decoding=\"async\" width=\"400\" height=\"300\" src=\"https:\/\/matildeprosecco.com\/wp-content\/uploads\/2024\/04\/Vineaste.png\" class=\"elementor-animation-grow attachment-full size-full wp-image-12360\" alt=\"\" srcset=\"https:\/\/matildeprosecco.com\/wp-content\/uploads\/2024\/04\/Vineaste.png 400w, https:\/\/matildeprosecco.com\/wp-content\/uploads\/2024\/04\/Vineaste-315x236.png 315w, https:\/\/matildeprosecco.com\/wp-content\/uploads\/2024\/04\/Vineaste-300x225.png 300w\" sizes=\"(max-width: 400px) 100vw, 400px\" \/>\t\t\t\t\t\t\t\t\t\t\t\t<\/a>\n\t\t\t\t\t\t\t\t\t\t\t\t\t\t\t\t\t\t\t\t\t\t\t\t<\/div>\n\t\t\t\t\t\t<\/div>\n\t\t\t\t<\/div>\n\t\t\t\t\t<\/div>\n\t\t\t\t<\/div>\n\t\t\t\t<\/div>\n\t\t\t\t<div class=\"elementor-element elementor-element-6f6c38c elementor-widget-divider--view-line elementor-widget elementor-widget-divider\" data-id=\"6f6c38c\" data-element_type=\"widget\" data-widget_type=\"divider.default\">\n\t\t\t\t<div class=\"elementor-widget-container\">\n\t\t\t\t\t<div class=\"elementor-divider\">\n\t\t\t<span class=\"elementor-divider-separator\">\n\t\t\t\t\t\t<\/span>\n\t\t<\/div>\n\t\t\t\t<\/div>\n\t\t\t\t<\/div>\n\t\t<div class=\"elementor-element elementor-element-2d2ffda e-con-full animated-slow e-flex elementor-invisible e-con e-child\" data-id=\"2d2ffda\" data-element_type=\"container\" data-settings=\"{&quot;animation&quot;:&quot;fadeIn&quot;}\">\n\t\t\t\t<div class=\"elementor-element elementor-element-a7788aa elementor-widget elementor-widget-heading\" data-id=\"a7788aa\" data-element_type=\"widget\" data-widget_type=\"heading.default\">\n\t\t\t\t<div class=\"elementor-widget-container\">\n\t\t\t<h3 class=\"elementor-heading-title elementor-size-default\">Pays-Bas<\/h3>\t\t<\/div>\n\t\t\t\t<\/div>\n\t\t<div class=\"elementor-element elementor-element-3867bf6 e-flex e-con-boxed e-con e-child\" data-id=\"3867bf6\" data-element_type=\"container\">\n\t\t\t\t\t<div class=\"e-con-inner\">\n\t\t\t\t<div class=\"elementor-element elementor-element-b5bed97 elementor-widget elementor-widget-image\" data-id=\"b5bed97\" data-element_type=\"widget\" data-widget_type=\"image.default\">\n\t\t\t\t<div class=\"elementor-widget-container\">\n\t\t\t\t\t\t\t<div class=\"elementor-image\">\n\t\t\t\t\t\t\t\t\t\t\t\t\t\t\t\t\t\t\t\t\t\t<a href=\"https:\/\/slurpini.com\/italiaanse-wijnboeren\/matilde\/\" target=\"_blank\" rel=\"nofollow\">\n\t\t\t\t\t\t\t\t\t\t\t<img loading=\"lazy\" decoding=\"async\" width=\"400\" height=\"300\" src=\"https:\/\/matildeprosecco.com\/wp-content\/uploads\/2024\/04\/Slurpini.png\" class=\"elementor-animation-grow attachment-full size-full wp-image-12357\" alt=\"\" srcset=\"https:\/\/matildeprosecco.com\/wp-content\/uploads\/2024\/04\/Slurpini.png 400w, https:\/\/matildeprosecco.com\/wp-content\/uploads\/2024\/04\/Slurpini-315x236.png 315w, https:\/\/matildeprosecco.com\/wp-content\/uploads\/2024\/04\/Slurpini-300x225.png 300w\" sizes=\"(max-width: 400px) 100vw, 400px\" \/>\t\t\t\t\t\t\t\t\t\t\t\t<\/a>\n\t\t\t\t\t\t\t\t\t\t\t\t\t\t\t\t\t\t\t\t\t\t\t\t<\/div>\n\t\t\t\t\t\t<\/div>\n\t\t\t\t<\/div>\n\t\t\t\t<div class=\"elementor-element elementor-element-7ab071a elementor-widget elementor-widget-image\" data-id=\"7ab071a\" data-element_type=\"widget\" data-widget_type=\"image.default\">\n\t\t\t\t<div class=\"elementor-widget-container\">\n\t\t\t\t\t\t\t<div class=\"elementor-image\">\n\t\t\t\t\t\t\t\t\t\t\t\t\t\t\t\t\t\t\t\t\t\t<a href=\"https:\/\/vanwageningenendelange.nl\/product\/matilde-prosecco-superiore-docg-brut\/\" target=\"_blank\" rel=\"nofollow\">\n\t\t\t\t\t\t\t\t\t\t\t<img loading=\"lazy\" decoding=\"async\" width=\"200\" height=\"80\" src=\"https:\/\/matildeprosecco.com\/wp-content\/uploads\/2024\/08\/vanwageningenendelange-NL-logo-black.png\" class=\"elementor-animation-grow attachment-full size-full wp-image-13061\" alt=\"\" \/>\t\t\t\t\t\t\t\t\t\t\t\t<\/a>\n\t\t\t\t\t\t\t\t\t\t\t\t\t\t\t\t\t\t\t\t\t\t\t\t<\/div>\n\t\t\t\t\t\t<\/div>\n\t\t\t\t<\/div>\n\t\t\t\t\t<\/div>\n\t\t\t\t<\/div>\n\t\t\t\t<\/div>\n\t\t\t\t<\/div>\n\t\t\t\t<\/div>\n\t\t<div class=\"elementor-element elementor-element-478e338 animated-slow e-flex e-con-boxed elementor-invisible e-con e-parent\" data-id=\"478e338\" data-element_type=\"container\" data-settings=\"{&quot;background_background&quot;:&quot;classic&quot;,&quot;animation&quot;:&quot;fadeIn&quot;}\">\n\t\t\t\t\t<div class=\"e-con-inner\">\n\t\t\t\t<div class=\"elementor-element elementor-element-62ba1bc elementor-absolute animated-slow elementor-invisible elementor-widget elementor-widget-image\" data-id=\"62ba1bc\" data-element_type=\"widget\" data-settings=\"{&quot;_position&quot;:&quot;absolute&quot;,&quot;_animation&quot;:&quot;fadeInUp&quot;}\" data-widget_type=\"image.default\">\n\t\t\t\t<div class=\"elementor-widget-container\">\n\t\t\t\t\t\t\t<div class=\"elementor-image\">\n\t\t\t\t\t\t\t\t\t\t\t\t\t\t\t\t\t\t\t\t\t\t<a href=\"#top\">\n\t\t\t\t\t\t\t\t\t\t\t<img loading=\"lazy\" decoding=\"async\" width=\"26\" height=\"29\" src=\"https:\/\/matildeprosecco.com\/wp-content\/uploads\/2024\/03\/freccia-up.gif\" class=\"attachment-full size-full wp-image-11975\" alt=\"\" \/>\t\t\t\t\t\t\t\t\t\t\t\t<\/a>\n\t\t\t\t\t\t\t\t\t\t\t\t\t\t\t\t\t\t\t\t\t\t\t\t<\/div>\n\t\t\t\t\t\t<\/div>\n\t\t\t\t<\/div>\n\t\t\t\t<div class=\"elementor-element elementor-element-553392e elementor-widget elementor-widget-heading\" data-id=\"553392e\" data-element_type=\"widget\" data-settings=\"{&quot;_animation&quot;:&quot;none&quot;}\" data-widget_type=\"heading.default\">\n\t\t\t\t<div class=\"elementor-widget-container\">\n\t\t\t<h2 class=\"elementor-heading-title elementor-size-default\">L\u2019ENTREPRISE<\/h2>\t\t<\/div>\n\t\t\t\t<\/div>\n\t\t\t\t<div class=\"elementor-element elementor-element-2852f63 elementor-widget elementor-widget-heading\" data-id=\"2852f63\" data-element_type=\"widget\" data-widget_type=\"heading.default\">\n\t\t\t\t<div class=\"elementor-widget-container\">\n\t\t\t<h3 class=\"elementor-heading-title elementor-size-default\">Contactez-nous<\/h3>\t\t<\/div>\n\t\t\t\t<\/div>\n\t\t\t\t<div class=\"elementor-element elementor-element-fce6910 elementor-widget__width-initial elementor-widget elementor-widget-text-editor\" data-id=\"fce6910\" data-element_type=\"widget\" data-widget_type=\"text-editor.default\">\n\t\t\t\t<div class=\"elementor-widget-container\">\n\t\t\t\t\t\t\t<p>Pour venir voir le vignoble, organiser un \u00e9v\u00e9nement, proposer une collaboration, ou pour toute question, \u00e9crivez-nous !<\/p>\n\t\t\t\t\t\t<\/div>\n\t\t\t\t<\/div>\n\t\t\t\t<div class=\"elementor-element elementor-element-8951e6b elementor-widget__width-initial elementor-widget elementor-widget-text-editor\" data-id=\"8951e6b\" data-element_type=\"widget\" data-widget_type=\"text-editor.default\">\n\t\t\t\t<div class=\"elementor-widget-container\">\n\t\t\t\t\t\t\t<p><a href=\"mailto:info@matildeprosecco.com\"><strong>info@matildeprosecco.com<\/strong><\/a><\/p>\n\t\t\t\t\t\t<\/div>\n\t\t\t\t<\/div>\n\t\t\t\t\t<\/div>\n\t\t\t\t<\/div>\n\t\t\t\t<\/div>\n\t\t","protected":false},"excerpt":{"rendered":"<p>O\u00d9 TROUVER MATILDE Dans cette section, vous trouvereztous les points de venteet e-commerces o\u00f9 vous pouvezacqu\u00e9rir Matilde Prosecco Nous avons attentivement s\u00e9lectionn\u00e9 nos partenaires commerciaux, en privil\u00e9giant les entreprises qui, comme nous, visent des produits durables et d&rsquo;excellence. Qu&rsquo;il s\u2019agisse de restaurants, cavistes ou e-commerces, chacune de ces adresses nous a choisis parce qu\u2019elle partage&#8230;<\/p>\n","protected":false},"author":1,"featured_media":0,"parent":0,"menu_order":0,"comment_status":"closed","ping_status":"closed","template":"","meta":{"footnotes":""},"class_list":["post-12561","page","type-page","status-publish","hentry"],"acf":[],"_links":{"self":[{"href":"https:\/\/matildeprosecco.com\/fr\/wp-json\/wp\/v2\/pages\/12561","targetHints":{"allow":["GET"]}}],"collection":[{"href":"https:\/\/matildeprosecco.com\/fr\/wp-json\/wp\/v2\/pages"}],"about":[{"href":"https:\/\/matildeprosecco.com\/fr\/wp-json\/wp\/v2\/types\/page"}],"author":[{"embeddable":true,"href":"https:\/\/matildeprosecco.com\/fr\/wp-json\/wp\/v2\/users\/1"}],"replies":[{"embeddable":true,"href":"https:\/\/matildeprosecco.com\/fr\/wp-json\/wp\/v2\/comments?post=12561"}],"version-history":[{"count":9,"href":"https:\/\/matildeprosecco.com\/fr\/wp-json\/wp\/v2\/pages\/12561\/revisions"}],"predecessor-version":[{"id":13875,"href":"https:\/\/matildeprosecco.com\/fr\/wp-json\/wp\/v2\/pages\/12561\/revisions\/13875"}],"wp:attachment":[{"href":"https:\/\/matildeprosecco.com\/fr\/wp-json\/wp\/v2\/media?parent=12561"}],"curies":[{"name":"wp","href":"https:\/\/api.w.org\/{rel}","templated":true}]}}