{"id":12515,"date":"2024-02-23T11:18:05","date_gmt":"2024-02-23T10:18:05","guid":{"rendered":"http:\/\/www.matildeprosecco.com\/contacts\/"},"modified":"2024-05-29T13:29:34","modified_gmt":"2024-05-29T11:29:34","slug":"contacts","status":"publish","type":"page","link":"https:\/\/matildeprosecco.com\/fr\/contacts\/","title":{"rendered":"Contacts"},"content":{"rendered":"\t\t<div data-elementor-type=\"wp-page\" data-elementor-id=\"12515\" class=\"elementor elementor-12515 elementor-9757\" data-elementor-post-type=\"page\">\n\t\t\t\t<div class=\"elementor-element elementor-element-8383ef6 animated-slow e-flex e-con-boxed elementor-invisible e-con e-parent\" data-id=\"8383ef6\" data-element_type=\"container\" data-settings=\"{&quot;background_background&quot;:&quot;classic&quot;,&quot;animation&quot;:&quot;fadeIn&quot;,&quot;animation_delay&quot;:200}\">\n\t\t\t\t\t<div class=\"e-con-inner\">\n\t\t<div class=\"elementor-element elementor-element-ed23020 e-con-full e-flex e-con e-child\" data-id=\"ed23020\" data-element_type=\"container\">\n\t\t\t\t<div class=\"elementor-element elementor-element-45b5845 animated-slow elementor-invisible elementor-widget elementor-widget-heading\" data-id=\"45b5845\" data-element_type=\"widget\" data-settings=\"{&quot;_animation&quot;:&quot;fadeIn&quot;,&quot;_animation_delay&quot;:400}\" data-widget_type=\"heading.default\">\n\t\t\t\t<div class=\"elementor-widget-container\">\n\t\t\t<h2 class=\"elementor-heading-title elementor-size-default\">CONTACTEZ-NOUS<\/h2>\t\t<\/div>\n\t\t\t\t<\/div>\n\t\t\t\t<div class=\"elementor-element elementor-element-3049073 animated-slow elementor-invisible elementor-widget elementor-widget-heading\" data-id=\"3049073\" data-element_type=\"widget\" data-settings=\"{&quot;_animation&quot;:&quot;fadeIn&quot;,&quot;_animation_delay&quot;:400}\" data-widget_type=\"heading.default\">\n\t\t\t\t<div class=\"elementor-widget-container\">\n\t\t\t<h1 class=\"elementor-heading-title elementor-size-default\">Qui et o\u00f9 nous sommes<\/h1>\t\t<\/div>\n\t\t\t\t<\/div>\n\t\t\t\t<\/div>\n\t\t<div class=\"elementor-element elementor-element-c081776 e-con-full animated-slow e-flex elementor-invisible e-con e-child\" data-id=\"c081776\" data-element_type=\"container\" data-settings=\"{&quot;position&quot;:&quot;absolute&quot;,&quot;animation&quot;:&quot;slideInUp&quot;,&quot;animation_delay&quot;:1000}\">\n\t\t\t\t<\/div>\n\t\t\t\t\t<\/div>\n\t\t\t\t<\/div>\n\t\t<div class=\"elementor-element elementor-element-a86ad28 e-flex e-con-boxed e-con e-parent\" data-id=\"a86ad28\" data-element_type=\"container\" data-settings=\"{&quot;background_background&quot;:&quot;classic&quot;}\">\n\t\t\t\t\t<div class=\"e-con-inner\">\n\t\t<div class=\"elementor-element elementor-element-5b023f6 e-flex e-con-boxed e-con e-child\" data-id=\"5b023f6\" data-element_type=\"container\">\n\t\t\t\t\t<div class=\"e-con-inner\">\n\t\t\t\t<div class=\"elementor-element elementor-element-1564095 elementor-widget-divider--view-line elementor-widget elementor-widget-divider\" data-id=\"1564095\" data-element_type=\"widget\" data-widget_type=\"divider.default\">\n\t\t\t\t<div class=\"elementor-widget-container\">\n\t\t\t\t\t<div class=\"elementor-divider\">\n\t\t\t<span class=\"elementor-divider-separator\">\n\t\t\t\t\t\t<\/span>\n\t\t<\/div>\n\t\t\t\t<\/div>\n\t\t\t\t<\/div>\n\t\t\t\t<div class=\"elementor-element elementor-element-7ec1c73 elementor-widget elementor-widget-heading\" data-id=\"7ec1c73\" data-element_type=\"widget\" data-widget_type=\"heading.default\">\n\t\t\t\t<div class=\"elementor-widget-container\">\n\t\t\t<h3 class=\"elementor-heading-title elementor-size-default\">Trois fr\u00e8res avec des passions et des parcours de vie diff\u00e9rents, mais avec un amour commun pour le Prosecco Superiore et ses collines. Voulez-vous nous rendre visite ?<\/h3>\t\t<\/div>\n\t\t\t\t<\/div>\n\t\t\t\t<div class=\"elementor-element elementor-element-4179b45 elementor-widget-divider--view-line elementor-widget elementor-widget-divider\" data-id=\"4179b45\" data-element_type=\"widget\" data-widget_type=\"divider.default\">\n\t\t\t\t<div class=\"elementor-widget-container\">\n\t\t\t\t\t<div class=\"elementor-divider\">\n\t\t\t<span class=\"elementor-divider-separator\">\n\t\t\t\t\t\t<\/span>\n\t\t<\/div>\n\t\t\t\t<\/div>\n\t\t\t\t<\/div>\n\t\t\t\t\t<\/div>\n\t\t\t\t<\/div>\n\t\t<div class=\"elementor-element elementor-element-2571d02 e-flex e-con-boxed e-con e-child\" data-id=\"2571d02\" data-element_type=\"container\">\n\t\t\t\t\t<div class=\"e-con-inner\">\n\t\t<div class=\"elementor-element elementor-element-ad582d5 e-con-full animated-slow e-flex elementor-invisible e-con e-child\" data-id=\"ad582d5\" data-element_type=\"container\" data-settings=\"{&quot;animation&quot;:&quot;fadeInLeft&quot;}\">\n\t\t\t\t<div class=\"elementor-element elementor-element-eb9a7f3 elementor-widget elementor-widget-image\" data-id=\"eb9a7f3\" data-element_type=\"widget\" data-settings=\"{&quot;_animation_mobile&quot;:&quot;none&quot;}\" data-widget_type=\"image.default\">\n\t\t\t\t<div class=\"elementor-widget-container\">\n\t\t\t\t\t\t\t<div class=\"elementor-image\">\n\t\t\t\t\t\t\t\t\t\t\t\t\t\t\t\t\t\t\t\t\t<img fetchpriority=\"high\" decoding=\"async\" width=\"450\" height=\"568\" src=\"https:\/\/matildeprosecco.com\/wp-content\/uploads\/2024\/03\/img-giacomo-vert-matilde-prosecco.jpg\" class=\"attachment-full size-full wp-image-12099\" alt=\"\" srcset=\"https:\/\/matildeprosecco.com\/wp-content\/uploads\/2024\/03\/img-giacomo-vert-matilde-prosecco.jpg 450w, https:\/\/matildeprosecco.com\/wp-content\/uploads\/2024\/03\/img-giacomo-vert-matilde-prosecco-315x398.jpg 315w, https:\/\/matildeprosecco.com\/wp-content\/uploads\/2024\/03\/img-giacomo-vert-matilde-prosecco-238x300.jpg 238w\" sizes=\"(max-width: 450px) 100vw, 450px\" \/>\t\t\t\t\t\t\t\t\t\t\t\t\t\t\t\t\t\t\t\t\t\t\t\t<\/div>\n\t\t\t\t\t\t<\/div>\n\t\t\t\t<\/div>\n\t\t\t\t<div class=\"elementor-element elementor-element-4055240 elementor-widget elementor-widget-heading\" data-id=\"4055240\" data-element_type=\"widget\" data-widget_type=\"heading.default\">\n\t\t\t\t<div class=\"elementor-widget-container\">\n\t\t\t<h2 class=\"elementor-heading-title elementor-size-default\"> Giacomo<\/h2>\t\t<\/div>\n\t\t\t\t<\/div>\n\t\t\t\t<div class=\"elementor-element elementor-element-26a08d1 elementor-widget elementor-widget-heading\" data-id=\"26a08d1\" data-element_type=\"widget\" data-widget_type=\"heading.default\">\n\t\t\t\t<div class=\"elementor-widget-container\">\n\t\t\t<h3 class=\"elementor-heading-title elementor-size-default\">Responsable vendanges, cave et vinification, et des oliviers<\/h3>\t\t<\/div>\n\t\t\t\t<\/div>\n\t\t\t\t<div class=\"elementor-element elementor-element-654b840 elementor-widget elementor-widget-text-editor\" data-id=\"654b840\" data-element_type=\"widget\" data-widget_type=\"text-editor.default\">\n\t\t\t\t<div class=\"elementor-widget-container\">\n\t\t\t\t\t\t\t<p>Ancien physicien, enseignant et travailleur humanitaire, il partage aujourd&rsquo;hui son temps entre le yoga, les pratiques aquatiques et la musique. Avec Matilde, il assouvit ses passions pour la science, la transmission et le lien avec la terre.<\/p>\n\t\t\t\t\t\t<\/div>\n\t\t\t\t<\/div>\n\t\t\t\t<div class=\"elementor-element elementor-element-8e8c399 elementor-widget elementor-widget-text-editor\" data-id=\"8e8c399\" data-element_type=\"widget\" data-widget_type=\"text-editor.default\">\n\t\t\t\t<div class=\"elementor-widget-container\">\n\t\t\t\t\t\t\t<p>Contact: <a href=\"mailto:giacomo@matildeprosecco.com\">giacomo@matildeprosecco.com<\/a><\/p>\n\t\t\t\t\t\t<\/div>\n\t\t\t\t<\/div>\n\t\t\t\t<\/div>\n\t\t<div class=\"elementor-element elementor-element-6617d71 e-con-full e-flex elementor-invisible e-con e-child\" data-id=\"6617d71\" data-element_type=\"container\" data-settings=\"{&quot;animation&quot;:&quot;fadeInUp&quot;}\">\n\t\t\t\t<div class=\"elementor-element elementor-element-419ddb5 elementor-widget elementor-widget-image\" data-id=\"419ddb5\" data-element_type=\"widget\" data-settings=\"{&quot;_animation_mobile&quot;:&quot;none&quot;}\" data-widget_type=\"image.default\">\n\t\t\t\t<div class=\"elementor-widget-container\">\n\t\t\t\t\t\t\t<div class=\"elementor-image\">\n\t\t\t\t\t\t\t\t\t\t\t\t\t\t\t\t\t\t\t\t\t<img decoding=\"async\" width=\"450\" height=\"568\" src=\"https:\/\/matildeprosecco.com\/wp-content\/uploads\/2024\/03\/img-leopoldo-vert-matilde-prosecco.jpg\" class=\"attachment-full size-full wp-image-12102\" alt=\"\" srcset=\"https:\/\/matildeprosecco.com\/wp-content\/uploads\/2024\/03\/img-leopoldo-vert-matilde-prosecco.jpg 450w, https:\/\/matildeprosecco.com\/wp-content\/uploads\/2024\/03\/img-leopoldo-vert-matilde-prosecco-315x398.jpg 315w, https:\/\/matildeprosecco.com\/wp-content\/uploads\/2024\/03\/img-leopoldo-vert-matilde-prosecco-238x300.jpg 238w\" sizes=\"(max-width: 450px) 100vw, 450px\" \/>\t\t\t\t\t\t\t\t\t\t\t\t\t\t\t\t\t\t\t\t\t\t\t\t<\/div>\n\t\t\t\t\t\t<\/div>\n\t\t\t\t<\/div>\n\t\t\t\t<div class=\"elementor-element elementor-element-a4f7dd0 elementor-widget elementor-widget-heading\" data-id=\"a4f7dd0\" data-element_type=\"widget\" data-widget_type=\"heading.default\">\n\t\t\t\t<div class=\"elementor-widget-container\">\n\t\t\t<h2 class=\"elementor-heading-title elementor-size-default\">Leopoldo<\/h2>\t\t<\/div>\n\t\t\t\t<\/div>\n\t\t\t\t<div class=\"elementor-element elementor-element-c1e5fe4 elementor-widget elementor-widget-heading\" data-id=\"c1e5fe4\" data-element_type=\"widget\" data-widget_type=\"heading.default\">\n\t\t\t\t<div class=\"elementor-widget-container\">\n\t\t\t<h3 class=\"elementor-heading-title elementor-size-default\">Responsable de la communication et des ventes en Belgique, aux Pays-Bas et au Canada<\/h3>\t\t<\/div>\n\t\t\t\t<\/div>\n\t\t\t\t<div class=\"elementor-element elementor-element-a583db8 elementor-widget elementor-widget-text-editor\" data-id=\"a583db8\" data-element_type=\"widget\" data-widget_type=\"text-editor.default\">\n\t\t\t\t<div class=\"elementor-widget-container\">\n\t\t\t\t\t\t\t<p>Dix ans d&rsquo;exp\u00e9rience dans l&rsquo;organisation d&rsquo;\u00e9v\u00e9nements artistiques, culturels et festifs l&rsquo;ont naturellement conduit \u00e0 se passionner pour notre projet : l&rsquo;excellence et la joie de vivre !<\/p>\n\t\t\t\t\t\t<\/div>\n\t\t\t\t<\/div>\n\t\t\t\t<div class=\"elementor-element elementor-element-048098c elementor-widget elementor-widget-text-editor\" data-id=\"048098c\" data-element_type=\"widget\" data-widget_type=\"text-editor.default\">\n\t\t\t\t<div class=\"elementor-widget-container\">\n\t\t\t\t\t\t\t<p>Contact: <a href=\"mailto:leopoldo@matildeprosecco.com\">leopoldo@matildeprosecco.com<\/a><\/p>\n\t\t\t\t\t\t<\/div>\n\t\t\t\t<\/div>\n\t\t\t\t<\/div>\n\t\t<div class=\"elementor-element elementor-element-77c3f5a e-con-full animated-slow e-flex elementor-invisible e-con e-child\" data-id=\"77c3f5a\" data-element_type=\"container\" data-settings=\"{&quot;animation&quot;:&quot;fadeInRight&quot;}\">\n\t\t\t\t<div class=\"elementor-element elementor-element-fc76b71 elementor-widget elementor-widget-image\" data-id=\"fc76b71\" data-element_type=\"widget\" data-settings=\"{&quot;_animation_mobile&quot;:&quot;none&quot;}\" data-widget_type=\"image.default\">\n\t\t\t\t<div class=\"elementor-widget-container\">\n\t\t\t\t\t\t\t<div class=\"elementor-image\">\n\t\t\t\t\t\t\t\t\t\t\t\t\t\t\t\t\t\t\t\t\t<img decoding=\"async\" width=\"450\" height=\"568\" src=\"https:\/\/matildeprosecco.com\/wp-content\/uploads\/2024\/03\/img-francesco-vert-matilde-prosecco.jpg\" class=\"attachment-full size-full wp-image-12096\" alt=\"\" srcset=\"https:\/\/matildeprosecco.com\/wp-content\/uploads\/2024\/03\/img-francesco-vert-matilde-prosecco.jpg 450w, https:\/\/matildeprosecco.com\/wp-content\/uploads\/2024\/03\/img-francesco-vert-matilde-prosecco-315x398.jpg 315w, https:\/\/matildeprosecco.com\/wp-content\/uploads\/2024\/03\/img-francesco-vert-matilde-prosecco-238x300.jpg 238w\" sizes=\"(max-width: 450px) 100vw, 450px\" \/>\t\t\t\t\t\t\t\t\t\t\t\t\t\t\t\t\t\t\t\t\t\t\t\t<\/div>\n\t\t\t\t\t\t<\/div>\n\t\t\t\t<\/div>\n\t\t\t\t<div class=\"elementor-element elementor-element-4e35818 elementor-widget elementor-widget-heading\" data-id=\"4e35818\" data-element_type=\"widget\" data-widget_type=\"heading.default\">\n\t\t\t\t<div class=\"elementor-widget-container\">\n\t\t\t<h2 class=\"elementor-heading-title elementor-size-default\"> Francesco<\/h2>\t\t<\/div>\n\t\t\t\t<\/div>\n\t\t\t\t<div class=\"elementor-element elementor-element-1ad0135 elementor-widget elementor-widget-heading\" data-id=\"1ad0135\" data-element_type=\"widget\" data-widget_type=\"heading.default\">\n\t\t\t\t<div class=\"elementor-widget-container\">\n\t\t\t<h3 class=\"elementor-heading-title elementor-size-default\">Responsable des vignobles et des ventes en Italie et aux \u00c9tats-Unis<\/h3>\t\t<\/div>\n\t\t\t\t<\/div>\n\t\t\t\t<div class=\"elementor-element elementor-element-eaa52b7 elementor-widget elementor-widget-text-editor\" data-id=\"eaa52b7\" data-element_type=\"widget\" data-widget_type=\"text-editor.default\">\n\t\t\t\t<div class=\"elementor-widget-container\">\n\t\t\t\t\t\t\t<p>\u00c9conomiste, avec une exp\u00e9rience \u00e0 la fois dans les multinationales et les startups, et grand amateur de voyages autour du monde. Je suis tout aussi passionn\u00e9 par le nid de Matilde \u00e0 Vittorio Veneto que par son exportation aux quatre coins du monde.<\/p>\n\t\t\t\t\t\t<\/div>\n\t\t\t\t<\/div>\n\t\t\t\t<div class=\"elementor-element elementor-element-76e6410 elementor-widget elementor-widget-text-editor\" data-id=\"76e6410\" data-element_type=\"widget\" data-widget_type=\"text-editor.default\">\n\t\t\t\t<div class=\"elementor-widget-container\">\n\t\t\t\t\t\t\t<p>Contact: <a href=\"mailto:francesco@matildeprosecco.com\">francesco@matildeprosecco.com<\/a><\/p>\n\t\t\t\t\t\t<\/div>\n\t\t\t\t<\/div>\n\t\t\t\t<\/div>\n\t\t\t\t\t<\/div>\n\t\t\t\t<\/div>\n\t\t<div class=\"elementor-element elementor-element-601c462 e-flex e-con-boxed e-con e-child\" data-id=\"601c462\" data-element_type=\"container\">\n\t\t\t\t\t<div class=\"e-con-inner\">\n\t\t\t\t<div class=\"elementor-element elementor-element-ad185f4 elementor-widget elementor-widget-heading\" data-id=\"ad185f4\" data-element_type=\"widget\" data-widget_type=\"heading.default\">\n\t\t\t\t<div class=\"elementor-widget-container\">\n\t\t\t<h3 class=\"elementor-heading-title elementor-size-default\">LE VIGNOBLE<\/h3>\t\t<\/div>\n\t\t\t\t<\/div>\n\t\t\t\t<div class=\"elementor-element elementor-element-129410d elementor-widget elementor-widget-heading\" data-id=\"129410d\" data-element_type=\"widget\" data-widget_type=\"heading.default\">\n\t\t\t\t<div class=\"elementor-widget-container\">\n\t\t\t<h2 class=\"elementor-heading-title elementor-size-default\">Nos vignes<br>sont situ\u00e9es \u00e0 Cozzuolo<\/h2>\t\t<\/div>\n\t\t\t\t<\/div>\n\t\t<div class=\"elementor-element elementor-element-93c9705 e-flex e-con-boxed e-con e-child\" data-id=\"93c9705\" data-element_type=\"container\" data-settings=\"{&quot;background_background&quot;:&quot;gradient&quot;}\">\n\t\t\t\t\t<div class=\"e-con-inner\">\n\t\t\t\t<div class=\"elementor-element elementor-element-46f5e2e elementor-absolute animated-slow elementor-invisible elementor-widget elementor-widget-image\" data-id=\"46f5e2e\" data-element_type=\"widget\" data-settings=\"{&quot;_position&quot;:&quot;absolute&quot;,&quot;_animation&quot;:&quot;fadeInUp&quot;}\" data-widget_type=\"image.default\">\n\t\t\t\t<div class=\"elementor-widget-container\">\n\t\t\t\t\t\t\t<div class=\"elementor-image\">\n\t\t\t\t\t\t\t\t\t\t\t\t\t\t\t\t\t\t\t\t\t\t<a href=\"#top\">\n\t\t\t\t\t\t\t\t\t\t\t<img loading=\"lazy\" decoding=\"async\" width=\"26\" height=\"29\" src=\"https:\/\/matildeprosecco.com\/wp-content\/uploads\/2024\/03\/freccia-up.gif\" class=\"attachment-full size-full wp-image-11975\" alt=\"\" \/>\t\t\t\t\t\t\t\t\t\t\t\t<\/a>\n\t\t\t\t\t\t\t\t\t\t\t\t\t\t\t\t\t\t\t\t\t\t\t\t<\/div>\n\t\t\t\t\t\t<\/div>\n\t\t\t\t<\/div>\n\t\t<div class=\"elementor-element elementor-element-3fa64a9 e-flex e-con-boxed e-con e-child\" data-id=\"3fa64a9\" data-element_type=\"container\">\n\t\t\t\t\t<div class=\"e-con-inner\">\n\t\t\t\t<div class=\"elementor-element elementor-element-92ccf8f elementor-widget elementor-widget-google_maps\" data-id=\"92ccf8f\" data-element_type=\"widget\" data-widget_type=\"google_maps.default\">\n\t\t\t\t<div class=\"elementor-widget-container\">\n\t\t\t\t\t<div class=\"elementor-custom-embed\">\n\t\t\t<iframe loading=\"lazy\" loading=\"lazy\"\n\t\t\t\t\tsrc=\"https:\/\/maps.google.com\/maps?q=Matilde%20Prosecco&#038;t=m&#038;z=14&#038;output=embed&#038;iwloc=near\"\n\t\t\t\t\ttitle=\"Matilde Prosecco\"\n\t\t\t\t\taria-label=\"Matilde Prosecco\"\n\t\t\t><\/iframe>\n\t\t<\/div>\n\t\t\t\t<\/div>\n\t\t\t\t<\/div>\n\t\t\t\t\t<\/div>\n\t\t\t\t<\/div>\n\t\t<div class=\"elementor-element elementor-element-00bb002 e-flex e-con-boxed e-con e-child\" data-id=\"00bb002\" data-element_type=\"container\">\n\t\t\t\t\t<div class=\"e-con-inner\">\n\t\t\t\t<div class=\"elementor-element elementor-element-41d9094 elementor-widget elementor-widget-heading\" data-id=\"41d9094\" data-element_type=\"widget\" data-settings=\"{&quot;_animation&quot;:&quot;none&quot;}\" data-widget_type=\"heading.default\">\n\t\t\t\t<div class=\"elementor-widget-container\">\n\t\t\t<h2 class=\"elementor-heading-title elementor-size-default\">L\u2019ENTREPRISE<\/h2>\t\t<\/div>\n\t\t\t\t<\/div>\n\t\t\t\t<div class=\"elementor-element elementor-element-72334d4 elementor-widget elementor-widget-heading\" data-id=\"72334d4\" data-element_type=\"widget\" data-widget_type=\"heading.default\">\n\t\t\t\t<div class=\"elementor-widget-container\">\n\t\t\t<h3 class=\"elementor-heading-title elementor-size-default\">Nous contacter<\/h3>\t\t<\/div>\n\t\t\t\t<\/div>\n\t\t\t\t<div class=\"elementor-element elementor-element-d75c25c elementor-widget__width-initial elementor-widget elementor-widget-text-editor\" data-id=\"d75c25c\" data-element_type=\"widget\" data-widget_type=\"text-editor.default\">\n\t\t\t\t<div class=\"elementor-widget-container\">\n\t\t\t\t\t\t\t<p>Pour venir voir le vignoble, organiser un \u00e9v\u00e9nement, proposer une collaboration, ou pour toute question, \u00e9crivez-nous !<\/p>\n\t\t\t\t\t\t<\/div>\n\t\t\t\t<\/div>\n\t\t\t\t<div class=\"elementor-element elementor-element-eb79ac9 elementor-widget__width-initial elementor-widget elementor-widget-text-editor\" data-id=\"eb79ac9\" data-element_type=\"widget\" data-widget_type=\"text-editor.default\">\n\t\t\t\t<div class=\"elementor-widget-container\">\n\t\t\t\t\t\t\t<p><a href=\"mailto:info@matildeprosecco.com\"><strong>info@matildeprosecco.com<\/strong><\/a><\/p>\n\t\t\t\t\t\t<\/div>\n\t\t\t\t<\/div>\n\t\t\t\t\t<\/div>\n\t\t\t\t<\/div>\n\t\t\t\t\t<\/div>\n\t\t\t\t<\/div>\n\t\t\t\t\t<\/div>\n\t\t\t\t<\/div>\n\t\t\t\t\t<\/div>\n\t\t\t\t<\/div>\n\t\t\t\t<\/div>\n\t\t","protected":false},"excerpt":{"rendered":"<p>CONTACTEZ-NOUS Qui et o\u00f9 nous sommes Trois fr\u00e8res avec des passions et des parcours de vie diff\u00e9rents, mais avec un amour commun pour le Prosecco Superiore et ses collines. Voulez-vous nous rendre visite ? Giacomo Responsable vendanges, cave et vinification, et des oliviers Ancien physicien, enseignant et travailleur humanitaire, il partage aujourd&rsquo;hui son temps entre&#8230;<\/p>\n","protected":false},"author":1,"featured_media":0,"parent":0,"menu_order":0,"comment_status":"closed","ping_status":"closed","template":"","meta":{"footnotes":""},"class_list":["post-12515","page","type-page","status-publish","hentry"],"acf":[],"_links":{"self":[{"href":"https:\/\/matildeprosecco.com\/fr\/wp-json\/wp\/v2\/pages\/12515","targetHints":{"allow":["GET"]}}],"collection":[{"href":"https:\/\/matildeprosecco.com\/fr\/wp-json\/wp\/v2\/pages"}],"about":[{"href":"https:\/\/matildeprosecco.com\/fr\/wp-json\/wp\/v2\/types\/page"}],"author":[{"embeddable":true,"href":"https:\/\/matildeprosecco.com\/fr\/wp-json\/wp\/v2\/users\/1"}],"replies":[{"embeddable":true,"href":"https:\/\/matildeprosecco.com\/fr\/wp-json\/wp\/v2\/comments?post=12515"}],"version-history":[{"count":5,"href":"https:\/\/matildeprosecco.com\/fr\/wp-json\/wp\/v2\/pages\/12515\/revisions"}],"predecessor-version":[{"id":12874,"href":"https:\/\/matildeprosecco.com\/fr\/wp-json\/wp\/v2\/pages\/12515\/revisions\/12874"}],"wp:attachment":[{"href":"https:\/\/matildeprosecco.com\/fr\/wp-json\/wp\/v2\/media?parent=12515"}],"curies":[{"name":"wp","href":"https:\/\/api.w.org\/{rel}","templated":true}]}}